{"id":228054,"date":"2025-08-10T18:29:48","date_gmt":"2025-08-10T18:29:48","guid":{"rendered":"https:\/\/irisco-isc.net\/?page_id=228054"},"modified":"2025-08-10T19:34:24","modified_gmt":"2025-08-10T19:34:24","slug":"travaux","status":"publish","type":"page","link":"https:\/\/irisco-isc.net\/index.php\/travaux\/","title":{"rendered":"Travaux"},"content":{"rendered":"\n<div class=\"wp-block-group alignfull has-accent-5-background-color has-background has-global-padding is-layout-constrained wp-container-core-group-is-layout-d89aad35 wp-block-group-is-layout-constrained\" style=\"margin-top:0;margin-bottom:0;padding-top:var(--wp--preset--spacing--50);padding-right:var(--wp--preset--spacing--50);padding-bottom:var(--wp--preset--spacing--50);padding-left:var(--wp--preset--spacing--50)\">\n<div class=\"wp-block-columns alignwide is-layout-flex wp-container-core-columns-is-layout-1da03c2a wp-block-columns-is-layout-flex\">\n<div class=\"wp-block-column is-vertically-aligned-center is-layout-flow wp-block-column-is-layout-flow\" style=\"flex-basis:60%\">\n<figure class=\"wp-block-image size-full is-style-rounded wp-duotone-unset-2 is-style-rounded--1\"><img loading=\"lazy\" decoding=\"async\" width=\"2560\" height=\"1707\" src=\"https:\/\/irisco-isc.net\/wp-content\/uploads\/2025\/08\/Irisco-Meeting-scaled.jpg\" alt=\"\" class=\"wp-image-228055\" style=\"aspect-ratio:4\/3;object-fit:cover\" srcset=\"https:\/\/irisco-isc.net\/wp-content\/uploads\/2025\/08\/Irisco-Meeting-scaled.jpg 2560w, https:\/\/irisco-isc.net\/wp-content\/uploads\/2025\/08\/Irisco-Meeting-300x200.jpg 300w, https:\/\/irisco-isc.net\/wp-content\/uploads\/2025\/08\/Irisco-Meeting-1024x683.jpg 1024w, https:\/\/irisco-isc.net\/wp-content\/uploads\/2025\/08\/Irisco-Meeting-768x512.jpg 768w, https:\/\/irisco-isc.net\/wp-content\/uploads\/2025\/08\/Irisco-Meeting-1536x1024.jpg 1536w, https:\/\/irisco-isc.net\/wp-content\/uploads\/2025\/08\/Irisco-Meeting-2048x1365.jpg 2048w\" sizes=\"auto, (max-width: 2560px) 100vw, 2560px\" \/><\/figure>\n<\/div>\n\n\n\n<div class=\"wp-block-column is-layout-flow wp-block-column-is-layout-flow\" style=\"flex-basis:40%\">\n<h2 class=\"wp-block-heading\"><strong>Notre parcours et r\u00e9alisations<\/strong><\/h2>\n\n\n\n<p class=\"has-text-align-left\">Depuis sa cr\u00e9ation en <strong>2005<\/strong>, <strong>IRISCO <\/strong>soutient institutions, entreprises et ONG dans la r\u00e9alisation d\u2019enqu\u00eates, d\u2019\u00e9tudes sociologiques et de projets de d\u00e9veloppement social, alliant recherche, analyse strat\u00e9gique et accompagnement au changement.<\/p>\n<\/div>\n<\/div>\n<\/div>\n\n\n\n<div class=\"wp-block-group alignfull has-global-padding is-layout-constrained wp-container-core-group-is-layout-d89aad35 wp-block-group-is-layout-constrained\" style=\"margin-top:0;margin-bottom:0;padding-top:var(--wp--preset--spacing--50);padding-right:var(--wp--preset--spacing--50);padding-bottom:var(--wp--preset--spacing--50);padding-left:var(--wp--preset--spacing--50)\">\n<div class=\"wp-block-group alignwide has-base-2-background-color has-background is-layout-flow wp-block-group-is-layout-flow\" style=\"border-radius:16px;padding-top:var(--wp--preset--spacing--50);padding-right:var(--wp--preset--spacing--50);padding-bottom:var(--wp--preset--spacing--50);padding-left:var(--wp--preset--spacing--50)\">\n<p class=\"has-text-align-center has-large-font-size\"><strong>Principaux partenaires d\u2019IRISCO<\/strong><\/p>\n\n\n\n<div style=\"height:var(--wp--preset--spacing--10)\" aria-hidden=\"true\" class=\"wp-block-spacer\"><\/div>\n\n\n\n<div class=\"wp-block-group alignwide is-content-justification-center is-layout-flex wp-container-core-group-is-layout-f95ffa09 wp-block-group-is-layout-flex\" style=\"padding-top:0;padding-right:0;padding-bottom:0;padding-left:0\">\n<figure class=\"wp-block-image size-full is-resized\"><img loading=\"lazy\" decoding=\"async\" width=\"225\" height=\"225\" src=\"https:\/\/irisco-isc.net\/wp-content\/uploads\/2025\/08\/PNUD.png\" alt=\"\" class=\"wp-image-228062\" style=\"aspect-ratio:1.3333333333333333;object-fit:contain;width:150px\" srcset=\"https:\/\/irisco-isc.net\/wp-content\/uploads\/2025\/08\/PNUD.png 225w, https:\/\/irisco-isc.net\/wp-content\/uploads\/2025\/08\/PNUD-150x150.png 150w\" sizes=\"auto, (max-width: 225px) 100vw, 225px\" \/><\/figure>\n\n\n\n<p><strong>PNUD &#8211;<\/strong> Le PNUD en collaboration avec le minist\u00e8re alg\u00e9rien de l\u2019Environnement, a confi\u00e9 \u00e0 IRISCO une enqu\u00eate d\u2019envergure sur le tri s\u00e9lectif des d\u00e9chets,<strong> <\/strong>en 2025.<\/p>\n\n\n\n<figure class=\"wp-block-image size-full is-resized\"><img loading=\"lazy\" decoding=\"async\" width=\"512\" height=\"512\" src=\"https:\/\/irisco-isc.net\/wp-content\/uploads\/2025\/08\/UNHCR.png\" alt=\"\" class=\"wp-image-228061\" style=\"aspect-ratio:1.3333333333333333;object-fit:contain;width:150px\" srcset=\"https:\/\/irisco-isc.net\/wp-content\/uploads\/2025\/08\/UNHCR.png 512w, https:\/\/irisco-isc.net\/wp-content\/uploads\/2025\/08\/UNHCR-300x300.png 300w, https:\/\/irisco-isc.net\/wp-content\/uploads\/2025\/08\/UNHCR-150x150.png 150w\" sizes=\"auto, (max-width: 512px) 100vw, 512px\" \/><\/figure>\n\n\n\n<p><strong>UNHCR &#8211;<\/strong> En 2021 et 2025 l&#8217;UNHCR a charg\u00e9 IRISCO de deux enqu\u00eates socio-\u00e9conomiques sur les salaires en Alg\u00e9rie.<\/p>\n\n\n\n<figure class=\"wp-block-image size-full is-resized\"><img loading=\"lazy\" decoding=\"async\" width=\"207\" height=\"244\" src=\"https:\/\/irisco-isc.net\/wp-content\/uploads\/2025\/08\/ADEME.png\" alt=\"\" class=\"wp-image-228060\" style=\"aspect-ratio:1.3333333333333333;object-fit:contain;width:150px\"\/><\/figure>\n\n\n\n<p><strong>ADEME &#8211;<\/strong> Pour le compte de l&#8217;ADEME, et de l&#8217;AND (Agence Nationale des D\u00e9chets) et en consortium avec Hydroconsult et Hydroconseil, IRISCO a r\u00e9alis\u00e9 une importante enqu\u00eate sur le traitement des d\u00e9chets par les femmes en Alg\u00e9rie en 2024.<\/p>\n\n\n\n<figure class=\"wp-block-image size-full is-resized\"><img loading=\"lazy\" decoding=\"async\" width=\"1473\" height=\"669\" src=\"http:\/\/irisco-isc.net\/wp-content\/uploads\/2025\/08\/UNFPA.png\" alt=\"\" class=\"wp-image-228056\" style=\"aspect-ratio:1.3333333333333333;object-fit:contain;width:150px\" srcset=\"https:\/\/irisco-isc.net\/wp-content\/uploads\/2025\/08\/UNFPA.png 1473w, https:\/\/irisco-isc.net\/wp-content\/uploads\/2025\/08\/UNFPA-300x136.png 300w, https:\/\/irisco-isc.net\/wp-content\/uploads\/2025\/08\/UNFPA-1024x465.png 1024w, https:\/\/irisco-isc.net\/wp-content\/uploads\/2025\/08\/UNFPA-768x349.png 768w\" sizes=\"auto, (max-width: 1473px) 100vw, 1473px\" \/><\/figure>\n\n\n\n<p><strong>UNFPA (Nations Unies)<\/strong> \u2013 En 2018, le Fonds des Nations unies pour la population UNFPA a confi\u00e9 au cabinet une \u00e9tude qualitative sur l\u2019\u00e9galit\u00e9 entre les sexes en Alg\u00e9rie.<\/p>\n\n\n\n<figure class=\"wp-block-image size-full is-resized\"><img loading=\"lazy\" decoding=\"async\" width=\"229\" height=\"70\" src=\"http:\/\/irisco-isc.net\/wp-content\/uploads\/2018\/10\/UNwomen-Logo-Blue-TransparentBackground-fr.png\" alt=\"\" class=\"wp-image-227839\" style=\"aspect-ratio:4\/3;object-fit:contain;width:150px\"\/><\/figure>\n\n\n\n<p><strong>ONU FEMMES &#8211;<\/strong> IRISCO a accompagn\u00e9 en 2014, 2016 et 2017 ONU FEMMES dans la mise en \u0153uvre d\u2019un plan de formation pour d\u00e9velopper les capacit\u00e9s des cellules d\u2019\u00e9coute pour femmes victimes de violences et de la conception de la strat\u00e9gie genre en Alg\u00e9rie \u00e0 l&#8217;horizon 2030.<\/p>\n\n\n\n<figure class=\"wp-block-image size-full is-resized\"><img loading=\"lazy\" decoding=\"async\" width=\"60\" height=\"78\" src=\"http:\/\/irisco-isc.net\/wp-content\/uploads\/2018\/10\/BP.png\" alt=\"\" class=\"wp-image-227840\" style=\"aspect-ratio:4\/3;object-fit:contain;width:150px\"\/><\/figure>\n\n\n\n<p><strong>BP \u2013 British Petroleum<\/strong> : a sollicit\u00e9 Irisco pour mener une enqu\u00eate de perception visant \u00e0 \u00e9valuer son image de marque et la confiance qu\u2019elle inspire en Alg\u00e9rie.<\/p>\n\n\n\n<figure class=\"wp-block-image size-full is-resized\"><img loading=\"lazy\" decoding=\"async\" width=\"200\" height=\"123\" src=\"http:\/\/irisco-isc.net\/wp-content\/uploads\/2018\/10\/CNA.jpg\" alt=\"\" class=\"wp-image-227841\" style=\"aspect-ratio:4\/3;object-fit:contain;width:150px\"\/><\/figure>\n\n\n\n<p><strong>Conseil National des Assurances &#8211;<\/strong> Le Conseil National des Assurances\u00a0pour lequel le cabinet a r\u00e9alis\u00e9 deux grandes enqu\u00eates nationales \u00a0sur le rapport des alg\u00e9riens au risque et \u00e0 l\u2019assurance.<\/p>\n\n\n\n<figure class=\"wp-block-image size-full is-resized\"><img loading=\"lazy\" decoding=\"async\" width=\"220\" height=\"82\" src=\"http:\/\/irisco-isc.net\/wp-content\/uploads\/2018\/10\/DEKRA.gif\" alt=\"\" class=\"wp-image-227842\" style=\"aspect-ratio:4\/3;object-fit:contain;width:150px\"\/><\/figure>\n\n\n\n<p><strong>Dekra-Industria<\/strong> \u2013 Groupe fran\u00e7ais de s\u00e9curit\u00e9 industrielle ; accompagnement m\u00e9thodologique pour une enqu\u00eate sociologique li\u00e9e \u00e0 un complexe p\u00e9trochimique \u00e0 Arzew.<br><\/p>\n\n\n\n<figure class=\"wp-block-image size-full is-resized\"><img loading=\"lazy\" decoding=\"async\" width=\"300\" height=\"64\" src=\"http:\/\/irisco-isc.net\/wp-content\/uploads\/2018\/10\/TIARET-300x64.jpg\" alt=\"\" class=\"wp-image-227843\" style=\"aspect-ratio:1.3333333333333333;object-fit:contain;width:150px\"\/><\/figure>\n\n\n\n<p><strong>Universit\u00e9 Ibn Khaldoun de Tiaret<\/strong> \u2013 Enqu\u00eate sociologique sur l\u2019impact des politiques agricoles publiques en milieu steppique.<\/p>\n<\/div>\n<\/div>\n<\/div>\n","protected":false},"excerpt":{"rendered":"<p>Notre parcours et r\u00e9alisations Depuis sa cr\u00e9ation en 2005, IRISCO soutient institutions, entreprises et ONG dans la r\u00e9alisation d\u2019enqu\u00eates, d\u2019\u00e9tudes sociologiques et de projets de d\u00e9veloppement social, alliant recherche, analyse strat\u00e9gique et accompagnement au changement. Principaux partenaires d\u2019IRISCO PNUD &#8211; Le PNUD en collaboration avec le minist\u00e8re alg\u00e9rien de l\u2019Environnement, a confi\u00e9 \u00e0 IRISCO une [&hellip;]<\/p>\n","protected":false},"author":1,"featured_media":0,"parent":0,"menu_order":0,"comment_status":"closed","ping_status":"closed","template":"","meta":{"footnotes":""},"class_list":["post-228054","page","type-page","status-publish","hentry"],"_links":{"self":[{"href":"https:\/\/irisco-isc.net\/index.php\/wp-json\/wp\/v2\/pages\/228054","targetHints":{"allow":["GET"]}}],"collection":[{"href":"https:\/\/irisco-isc.net\/index.php\/wp-json\/wp\/v2\/pages"}],"about":[{"href":"https:\/\/irisco-isc.net\/index.php\/wp-json\/wp\/v2\/types\/page"}],"author":[{"embeddable":true,"href":"https:\/\/irisco-isc.net\/index.php\/wp-json\/wp\/v2\/users\/1"}],"replies":[{"embeddable":true,"href":"https:\/\/irisco-isc.net\/index.php\/wp-json\/wp\/v2\/comments?post=228054"}],"version-history":[{"count":9,"href":"https:\/\/irisco-isc.net\/index.php\/wp-json\/wp\/v2\/pages\/228054\/revisions"}],"predecessor-version":[{"id":228087,"href":"https:\/\/irisco-isc.net\/index.php\/wp-json\/wp\/v2\/pages\/228054\/revisions\/228087"}],"wp:attachment":[{"href":"https:\/\/irisco-isc.net\/index.php\/wp-json\/wp\/v2\/media?parent=228054"}],"curies":[{"name":"wp","href":"https:\/\/api.w.org\/{rel}","templated":true}]}}